{"id":1497,"date":"2026-02-26T09:25:24","date_gmt":"2026-02-26T09:25:24","guid":{"rendered":"https:\/\/www.lexusmadridsur.es\/info\/?page_id=1497"},"modified":"2026-04-13T20:18:50","modified_gmt":"2026-04-13T20:18:50","slug":"formulario-lexus-nx350h-seminuevo-select","status":"publish","type":"page","link":"https:\/\/www.lexusmadridsur.es\/info\/formulario-lexus-nx350h-seminuevo-select\/","title":{"rendered":"Formulario Lexus NX350H Seminuevo Select"},"content":{"rendered":"\t\t<div data-elementor-type=\"wp-post\" data-elementor-id=\"1497\" class=\"elementor elementor-1497\" data-elementor-post-type=\"page\">\n\t\t\t\t<div class=\"elementor-element elementor-element-c3c3ed7 e-con-full e-flex e-con e-parent\" data-id=\"c3c3ed7\" data-element_type=\"container\">\n\t\t<div class=\"elementor-element elementor-element-fb2ef9a e-con-full e-flex e-con e-child\" data-id=\"fb2ef9a\" data-element_type=\"container\">\n\t\t\t\t<div class=\"elementor-element elementor-element-ad1204f elementor-widget elementor-widget-image\" data-id=\"ad1204f\" data-element_type=\"widget\" data-widget_type=\"image.default\">\n\t\t\t\t<div class=\"elementor-widget-container\">\n\t\t\t\t\t\t\t\t\t\t\t\t\t\t\t<img fetchpriority=\"high\" decoding=\"async\" width=\"1081\" height=\"527\" src=\"https:\/\/www.lexusmadridsur.es\/WP_LEXUS\/wp-content\/uploads\/2025\/07\/lexusmadridsur-logo.png\" class=\"attachment-full size-full wp-image-1187\" alt=\"\" srcset=\"https:\/\/www.lexusmadridsur.es\/WP_LEXUS\/wp-content\/uploads\/2025\/07\/lexusmadridsur-logo.png 1081w, https:\/\/www.lexusmadridsur.es\/WP_LEXUS\/wp-content\/uploads\/2025\/07\/lexusmadridsur-logo-300x146.png 300w, https:\/\/www.lexusmadridsur.es\/WP_LEXUS\/wp-content\/uploads\/2025\/07\/lexusmadridsur-logo-1024x499.png 1024w, https:\/\/www.lexusmadridsur.es\/WP_LEXUS\/wp-content\/uploads\/2025\/07\/lexusmadridsur-logo-768x374.png 768w\" sizes=\"(max-width: 1081px) 100vw, 1081px\" \/>\t\t\t\t\t\t\t\t\t\t\t\t\t\t\t<\/div>\n\t\t\t\t<\/div>\n\t\t\t\t<\/div>\n\t\t<div class=\"elementor-element elementor-element-5e05173 e-con-full e-flex e-con e-child\" data-id=\"5e05173\" data-element_type=\"container\">\n\t\t<div class=\"elementor-element elementor-element-55cca63 e-con-full e-flex e-con e-child\" data-id=\"55cca63\" data-element_type=\"container\">\n\t\t\t\t<div class=\"elementor-element elementor-element-a5720e6 elementor-widget__width-inherit elementor-widget elementor-widget-heading\" data-id=\"a5720e6\" data-element_type=\"widget\" data-widget_type=\"heading.default\">\n\t\t\t\t<div class=\"elementor-widget-container\">\n\t\t\t\t\t<p class=\"elementor-heading-title elementor-size-default\">Concesionarios Oficiales Lexus en Madrid<\/p>\t\t\t\t<\/div>\n\t\t\t\t<\/div>\n\t\t\t\t<\/div>\n\t\t\t\t<\/div>\n\t\t\t\t<\/div>\n\t\t<div class=\"elementor-element elementor-element-8bd5da9 e-flex e-con-boxed e-con e-parent\" data-id=\"8bd5da9\" data-element_type=\"container\" data-settings=\"{&quot;background_background&quot;:&quot;classic&quot;}\">\n\t\t\t\t\t<div class=\"e-con-inner\">\n\t\t<div class=\"elementor-element elementor-element-8119b81 e-con-full e-flex e-con e-child\" data-id=\"8119b81\" data-element_type=\"container\">\n\t\t<div class=\"elementor-element elementor-element-1c65f03 e-con-full e-flex e-con e-child\" data-id=\"1c65f03\" data-element_type=\"container\">\n\t\t\t\t<div class=\"elementor-element elementor-element-59a82bb elementor-widget__width-initial elementor-widget elementor-widget-icon-box\" data-id=\"59a82bb\" data-element_type=\"widget\" data-settings=\"{&quot;_animation&quot;:&quot;none&quot;}\" data-widget_type=\"icon-box.default\">\n\t\t\t\t<div class=\"elementor-widget-container\">\n\t\t\t\t\t\t\t<div class=\"elementor-icon-box-wrapper\">\n\n\t\t\t\n\t\t\t\t\t\t<div class=\"elementor-icon-box-content\">\n\n\t\t\t\t\n\t\t\t\t\t\t\t\t\t<p class=\"elementor-icon-box-description\">\n\t\t\t\t\t\tSOLICITUD DE INFORMACI\u00d3N\t\t\t\t\t<\/p>\n\t\t\t\t\n\t\t\t<\/div>\n\t\t\t\n\t\t<\/div>\n\t\t\t\t\t\t<\/div>\n\t\t\t\t<\/div>\n\t\t\t\t<div class=\"elementor-element elementor-element-4df4c20 elementor-widget__width-initial elementor-widget elementor-widget-text-editor\" data-id=\"4df4c20\" data-element_type=\"widget\" data-widget_type=\"text-editor.default\">\n\t\t\t\t<div class=\"elementor-widget-container\">\n\t\t\t\t\t\t\t\t\t* Campos obligatorios \t\t\t\t\t\t\t\t<\/div>\n\t\t\t\t<\/div>\n\t\t\t\t<div class=\"elementor-element elementor-element-1dfa573 elementor-button-align-center elementor-mobile-button-align-center elementor-widget elementor-widget-form\" data-id=\"1dfa573\" data-element_type=\"widget\" data-settings=\"{&quot;step_next_label&quot;:&quot;Next&quot;,&quot;step_previous_label&quot;:&quot;Previous&quot;,&quot;button_width&quot;:&quot;100&quot;,&quot;step_type&quot;:&quot;number_text&quot;,&quot;step_icon_shape&quot;:&quot;circle&quot;}\" data-widget_type=\"form.default\">\n\t\t\t\t<div class=\"elementor-widget-container\">\n\t\t\t\t\t\t\t<form class=\"elementor-form\" method=\"post\" name=\"Lexus Madrid Sur - Lexus NX350H Seminuevo Select\" aria-label=\"Lexus Madrid Sur - Lexus NX350H Seminuevo Select\">\n\t\t\t<input type=\"hidden\" name=\"post_id\" value=\"1497\"\/>\n\t\t\t<input type=\"hidden\" name=\"form_id\" value=\"1dfa573\"\/>\n\t\t\t<input type=\"hidden\" name=\"referer_title\" value=\"Formulario Lexus NX350H Seminuevo Select - Lexus Madrid Sur News\" \/>\n\n\t\t\t\t\t\t\t<input type=\"hidden\" name=\"queried_id\" value=\"1497\"\/>\n\t\t\t\n\t\t\t<div class=\"elementor-form-fields-wrapper elementor-labels-\">\n\t\t\t\t\t\t\t\t<div class=\"elementor-field-type-html elementor-field-group elementor-column elementor-field-group-field_4463fbe elementor-col-100\">\n\t\t\t\t\tIndica el concesionario m\u00e1s cercano*\t\t\t\t<\/div>\n\t\t\t\t\t\t\t\t<div class=\"elementor-field-type-radio elementor-field-group elementor-column elementor-field-group-field_e726a61 elementor-col-100 elementor-field-required\">\n\t\t\t\t\t\t\t\t\t\t\t\t<label for=\"form-field-field_e726a61\" class=\"elementor-field-label elementor-screen-only\">\n\t\t\t\t\t\t\t\tConcesionario\t\t\t\t\t\t\t<\/label>\n\t\t\t\t\t\t<div class=\"elementor-field-subgroup  elementor-subgroup-inline\"><span class=\"elementor-field-option\"><input type=\"radio\" value=\"Alcal\u00e1 de Henares\" id=\"form-field-field_e726a61-0\" name=\"form_fields[field_e726a61]\" required=\"required\"> <label for=\"form-field-field_e726a61-0\">Alcal\u00e1 de Henares<\/label><\/span><span class=\"elementor-field-option\"><input type=\"radio\" value=\"Legan\u00e9s\" id=\"form-field-field_e726a61-1\" name=\"form_fields[field_e726a61]\" required=\"required\"> <label for=\"form-field-field_e726a61-1\">Legan\u00e9s<\/label><\/span><\/div>\t\t\t\t<\/div>\n\t\t\t\t\t\t\t\t<div class=\"elementor-field-type-text elementor-field-group elementor-column elementor-field-group-name elementor-col-50 elementor-field-required\">\n\t\t\t\t\t\t\t\t\t\t\t\t<label for=\"form-field-name\" class=\"elementor-field-label elementor-screen-only\">\n\t\t\t\t\t\t\t\tNombre\t\t\t\t\t\t\t<\/label>\n\t\t\t\t\t\t\t\t\t\t\t\t\t\t<input size=\"1\" type=\"text\" name=\"form_fields[name]\" id=\"form-field-name\" class=\"elementor-field elementor-size-sm  elementor-field-textual\" placeholder=\"Nombre*\" required=\"required\">\n\t\t\t\t\t\t\t\t\t\t\t<\/div>\n\t\t\t\t\t\t\t\t<div class=\"elementor-field-type-text elementor-field-group elementor-column elementor-field-group-field_5e63ec7 elementor-col-50 elementor-field-required\">\n\t\t\t\t\t\t\t\t\t\t\t\t<label for=\"form-field-field_5e63ec7\" class=\"elementor-field-label elementor-screen-only\">\n\t\t\t\t\t\t\t\tApellidos\t\t\t\t\t\t\t<\/label>\n\t\t\t\t\t\t\t\t\t\t\t\t\t\t<input size=\"1\" type=\"text\" name=\"form_fields[field_5e63ec7]\" id=\"form-field-field_5e63ec7\" class=\"elementor-field elementor-size-sm  elementor-field-textual\" placeholder=\"Apellidos*\" required=\"required\">\n\t\t\t\t\t\t\t\t\t\t\t<\/div>\n\t\t\t\t\t\t\t\t<div class=\"elementor-field-type-tel elementor-field-group elementor-column elementor-field-group-field_f5f1e1b elementor-col-50 elementor-field-required\">\n\t\t\t\t\t\t\t\t\t\t\t\t<label for=\"form-field-field_f5f1e1b\" class=\"elementor-field-label elementor-screen-only\">\n\t\t\t\t\t\t\t\tTel\u00e9fono\t\t\t\t\t\t\t<\/label>\n\t\t\t\t\t\t\t\t<input size=\"1\" type=\"tel\" name=\"form_fields[field_f5f1e1b]\" id=\"form-field-field_f5f1e1b\" class=\"elementor-field elementor-size-sm  elementor-field-textual\" placeholder=\"Tel\u00e9fono*\" required=\"required\" pattern=\"[0-9()#&amp;+*-=.]+\" title=\"Solo se aceptan n\u00fameros y caracteres de tel\u00e9fono (#,-,*,etc).\">\n\n\t\t\t\t\t\t<\/div>\n\t\t\t\t\t\t\t\t<div class=\"elementor-field-type-email elementor-field-group elementor-column elementor-field-group-email elementor-col-50 elementor-field-required\">\n\t\t\t\t\t\t\t\t\t\t\t\t<label for=\"form-field-email\" class=\"elementor-field-label elementor-screen-only\">\n\t\t\t\t\t\t\t\tEmail\t\t\t\t\t\t\t<\/label>\n\t\t\t\t\t\t\t\t\t\t\t\t\t\t<input size=\"1\" type=\"email\" name=\"form_fields[email]\" id=\"form-field-email\" class=\"elementor-field elementor-size-sm  elementor-field-textual\" placeholder=\"Email*\" required=\"required\">\n\t\t\t\t\t\t\t\t\t\t\t<\/div>\n\t\t\t\t\t\t\t\t<div class=\"elementor-field-type-acceptance elementor-field-group elementor-column elementor-field-group-field_c6f3f1b elementor-col-100\">\n\t\t\t\t\t\t\t<div class=\"elementor-field-subgroup\">\n\t\t\t<span class=\"elementor-field-option\">\n\t\t\t\t<input type=\"checkbox\" name=\"form_fields[field_c6f3f1b]\" id=\"form-field-field_c6f3f1b\" class=\"elementor-field elementor-size-sm  elementor-acceptance-field\">\n\t\t\t\t<label for=\"form-field-field_c6f3f1b\">Acepto la Pol\u00edtica de Privacidad de Lexus Madrid Sur y HYPE Entertainment para que mis datos sirvan como forma de contacto as\u00ed como para informarme de productos y servicios relacionados con Lexus Madrid Sur.<\/label>\t\t\t<\/span>\n\t\t<\/div>\n\t\t\t\t\t\t<\/div>\n\t\t\t\t\t\t\t\t<div class=\"elementor-field-group elementor-column elementor-field-type-submit elementor-col-100 e-form__buttons\">\n\t\t\t\t\t<button class=\"elementor-button elementor-size-md elementor-animation-grow\" type=\"submit\">\n\t\t\t\t\t\t<span class=\"elementor-button-content-wrapper\">\n\t\t\t\t\t\t\t\t\t\t\t\t\t\t\t\t\t\t\t\t\t\t<span class=\"elementor-button-text\">Solicitar informaci\u00f3n<\/span>\n\t\t\t\t\t\t\t\t\t\t\t\t\t<\/span>\n\t\t\t\t\t<\/button>\n\t\t\t\t<\/div>\n\t\t\t<\/div>\n\t\t<\/form>\n\t\t\t\t\t\t<\/div>\n\t\t\t\t<\/div>\n\t\t\t\t<\/div>\n\t\t<div class=\"elementor-element elementor-element-2c749fb e-con-full e-flex e-con e-child\" data-id=\"2c749fb\" data-element_type=\"container\">\n\t\t\t\t<div class=\"elementor-element elementor-element-834925b elementor-widget elementor-widget-image\" data-id=\"834925b\" data-element_type=\"widget\" data-widget_type=\"image.default\">\n\t\t\t\t<div class=\"elementor-widget-container\">\n\t\t\t\t\t\t\t\t\t\t\t\t\t\t\t<img decoding=\"async\" width=\"1920\" height=\"1080\" src=\"https:\/\/www.lexusmadridsur.es\/WP_LEXUS\/wp-content\/uploads\/2026\/02\/imgi_24_2025-lexus-nx-colour-picker-graphite-black-2-1920x1080-1.webp\" class=\"attachment-full size-full wp-image-1478\" alt=\"\" srcset=\"https:\/\/www.lexusmadridsur.es\/WP_LEXUS\/wp-content\/uploads\/2026\/02\/imgi_24_2025-lexus-nx-colour-picker-graphite-black-2-1920x1080-1.webp 1920w, https:\/\/www.lexusmadridsur.es\/WP_LEXUS\/wp-content\/uploads\/2026\/02\/imgi_24_2025-lexus-nx-colour-picker-graphite-black-2-1920x1080-1-300x169.webp 300w, https:\/\/www.lexusmadridsur.es\/WP_LEXUS\/wp-content\/uploads\/2026\/02\/imgi_24_2025-lexus-nx-colour-picker-graphite-black-2-1920x1080-1-1024x576.webp 1024w, https:\/\/www.lexusmadridsur.es\/WP_LEXUS\/wp-content\/uploads\/2026\/02\/imgi_24_2025-lexus-nx-colour-picker-graphite-black-2-1920x1080-1-768x432.webp 768w, https:\/\/www.lexusmadridsur.es\/WP_LEXUS\/wp-content\/uploads\/2026\/02\/imgi_24_2025-lexus-nx-colour-picker-graphite-black-2-1920x1080-1-1536x864.webp 1536w\" sizes=\"(max-width: 1920px) 100vw, 1920px\" \/>\t\t\t\t\t\t\t\t\t\t\t\t\t\t\t<\/div>\n\t\t\t\t<\/div>\n\t\t\t\t<\/div>\n\t\t\t\t<\/div>\n\t\t\t\t\t<\/div>\n\t\t\t\t<\/div>\n\t\t<div class=\"elementor-element elementor-element-2bfb96c e-con-full e-flex e-con e-parent\" data-id=\"2bfb96c\" data-element_type=\"container\" data-settings=\"{&quot;background_background&quot;:&quot;classic&quot;}\">\n\t\t<div class=\"elementor-element elementor-element-b08c96e e-con-full e-flex e-con e-child\" data-id=\"b08c96e\" data-element_type=\"container\">\n\t\t<div class=\"elementor-element elementor-element-edaa75f e-con-full e-flex e-con e-child\" data-id=\"edaa75f\" data-element_type=\"container\">\n\t\t\t\t<div class=\"elementor-element elementor-element-4793c61 elementor-widget elementor-widget-image\" data-id=\"4793c61\" data-element_type=\"widget\" data-widget_type=\"image.default\">\n\t\t\t\t<div class=\"elementor-widget-container\">\n\t\t\t\t\t\t\t\t\t\t\t\t\t\t\t<img decoding=\"async\" width=\"901\" height=\"502\" src=\"https:\/\/www.lexusmadridsur.es\/WP_LEXUS\/wp-content\/uploads\/2026\/02\/lexusmadridsurlogo.png\" class=\"attachment-full size-full wp-image-1476\" alt=\"\" srcset=\"https:\/\/www.lexusmadridsur.es\/WP_LEXUS\/wp-content\/uploads\/2026\/02\/lexusmadridsurlogo.png 901w, https:\/\/www.lexusmadridsur.es\/WP_LEXUS\/wp-content\/uploads\/2026\/02\/lexusmadridsurlogo-300x167.png 300w, https:\/\/www.lexusmadridsur.es\/WP_LEXUS\/wp-content\/uploads\/2026\/02\/lexusmadridsurlogo-768x428.png 768w\" sizes=\"(max-width: 901px) 100vw, 901px\" \/>\t\t\t\t\t\t\t\t\t\t\t\t\t\t\t<\/div>\n\t\t\t\t<\/div>\n\t\t\t\t<\/div>\n\t\t<div class=\"elementor-element elementor-element-a8f0065 e-con-full e-flex e-con e-child\" data-id=\"a8f0065\" data-element_type=\"container\">\n\t\t\t\t<div class=\"elementor-element elementor-element-72c135d elementor-widget elementor-widget-image\" data-id=\"72c135d\" data-element_type=\"widget\" data-widget_type=\"image.default\">\n\t\t\t\t<div class=\"elementor-widget-container\">\n\t\t\t\t\t\t\t\t\t\t\t\t\t\t\t<img loading=\"lazy\" decoding=\"async\" width=\"129\" height=\"91\" src=\"https:\/\/www.lexusmadridsur.es\/WP_LEXUS\/wp-content\/uploads\/2024\/12\/lexus-select-blanco.png\" class=\"attachment-full size-full wp-image-790\" alt=\"\" \/>\t\t\t\t\t\t\t\t\t\t\t\t\t\t\t<\/div>\n\t\t\t\t<\/div>\n\t\t\t\t<\/div>\n\t\t\t\t<\/div>\n\t\t<div class=\"elementor-element elementor-element-4f37930 e-con-full e-flex e-con e-child\" data-id=\"4f37930\" data-element_type=\"container\">\n\t\t\t\t<div class=\"elementor-element elementor-element-701bd71 elementor-widget__width-initial elementor-widget elementor-widget-icon-box\" data-id=\"701bd71\" data-element_type=\"widget\" data-settings=\"{&quot;_animation&quot;:&quot;none&quot;}\" data-widget_type=\"icon-box.default\">\n\t\t\t\t<div class=\"elementor-widget-container\">\n\t\t\t\t\t\t\t<div class=\"elementor-icon-box-wrapper\">\n\n\t\t\t\n\t\t\t\t\t\t<div class=\"elementor-icon-box-content\">\n\n\t\t\t\t\n\t\t\t\t\t\t\t\t\t<p class=\"elementor-icon-box-description\">\n\t\t\t\t\t\tCONCESIONARIOS OFICIALES LEXUS EN MADRID\t\t\t\t\t<\/p>\n\t\t\t\t\n\t\t\t<\/div>\n\t\t\t\n\t\t<\/div>\n\t\t\t\t\t\t<\/div>\n\t\t\t\t<\/div>\n\t\t\t\t<\/div>\n\t\t<div class=\"elementor-element elementor-element-716dc29 e-con-full e-flex e-con e-child\" data-id=\"716dc29\" data-element_type=\"container\">\n\t\t<div class=\"elementor-element elementor-element-fd22760 e-con-full e-flex e-con e-child\" data-id=\"fd22760\" data-element_type=\"container\">\n\t\t\t\t<div class=\"elementor-element elementor-element-17835ed elementor-widget elementor-widget-icon-box\" data-id=\"17835ed\" data-element_type=\"widget\" data-widget_type=\"icon-box.default\">\n\t\t\t\t<div class=\"elementor-widget-container\">\n\t\t\t\t\t\t\t<div class=\"elementor-icon-box-wrapper\">\n\n\t\t\t\n\t\t\t\t\t\t<div class=\"elementor-icon-box-content\">\n\n\t\t\t\t\t\t\t\t\t<h3 class=\"elementor-icon-box-title\">\n\t\t\t\t\t\t<span  >\n\t\t\t\t\t\t\tLegan\u00e9s\t\t\t\t\t\t<\/span>\n\t\t\t\t\t<\/h3>\n\t\t\t\t\n\t\t\t\t\t\t\t\t\t<p class=\"elementor-icon-box-description\">\n\t\t\t\t\t\tAvenida Carlos Sainz, 31 28914 Madrid \nVenta: 916 895 101  \nTaller y Recambios: 916 895 101  \nVentas VO: 916 895 101  \nCarrocer\u00eda: 916 895 101\t\t\t\t\t<\/p>\n\t\t\t\t\n\t\t\t<\/div>\n\t\t\t\n\t\t<\/div>\n\t\t\t\t\t\t<\/div>\n\t\t\t\t<\/div>\n\t\t\t\t<\/div>\n\t\t<div class=\"elementor-element elementor-element-7bb068b e-con-full e-flex e-con e-child\" data-id=\"7bb068b\" data-element_type=\"container\">\n\t\t\t\t<div class=\"elementor-element elementor-element-8ca6a5a elementor-widget elementor-widget-icon-box\" data-id=\"8ca6a5a\" data-element_type=\"widget\" data-widget_type=\"icon-box.default\">\n\t\t\t\t<div class=\"elementor-widget-container\">\n\t\t\t\t\t\t\t<div class=\"elementor-icon-box-wrapper\">\n\n\t\t\t\n\t\t\t\t\t\t<div class=\"elementor-icon-box-content\">\n\n\t\t\t\t\t\t\t\t\t<h3 class=\"elementor-icon-box-title\">\n\t\t\t\t\t\t<span  >\n\t\t\t\t\t\t\tAlcal\u00e1 de Henares\t\t\t\t\t\t<\/span>\n\t\t\t\t\t<\/h3>\n\t\t\t\t\n\t\t\t\t\t\t\t\t\t<p class=\"elementor-icon-box-description\">\n\t\t\t\t\t\tCtra. A-2, Km.35 (Salida 32. V\u00eda de Servicio, direcci\u00f3n Centro Comercial\/Campo de\nGolf) 28805 Madrid \nVenta: 918 881 388 \nTaller y Recambios: 918 881 388 \t\t\t\t\t<\/p>\n\t\t\t\t\n\t\t\t<\/div>\n\t\t\t\n\t\t<\/div>\n\t\t\t\t\t\t<\/div>\n\t\t\t\t<\/div>\n\t\t\t\t<\/div>\n\t\t\t\t<\/div>\n\t\t\t\t<\/div>\n\t\t\t\t<\/div>\n\t\t","protected":false},"excerpt":{"rendered":"<p>Concesionarios Oficiales Lexus en Madrid SOLICITUD DE INFORMACI\u00d3N * Campos obligatorios CONCESIONARIOS OFICIALES LEXUS EN MADRID Legan\u00e9s Avenida Carlos Sainz, 31 28914 Madrid Venta: 916 895 101 Taller y Recambios: 916 895 101 Ventas VO: 916 895 101 Carrocer\u00eda: 916 895 101 Alcal\u00e1 de Henares Ctra. A-2, Km.35 (Salida 32. V\u00eda de Servicio, direcci\u00f3n Centro [&hellip;]<\/p>\n","protected":false},"author":1,"featured_media":0,"parent":0,"menu_order":0,"comment_status":"closed","ping_status":"closed","template":"elementor_canvas","meta":{"footnotes":""},"class_list":["post-1497","page","type-page","status-publish","hentry"],"yoast_head":"<!-- This site is optimized with the Yoast SEO plugin v26.6 - https:\/\/yoast.com\/wordpress\/plugins\/seo\/ -->\n<title>Formulario Lexus NX350H Seminuevo Select - Lexus Madrid Sur News<\/title>\n<meta name=\"robots\" content=\"index, follow, max-snippet:-1, max-image-preview:large, max-video-preview:-1\" \/>\n<link rel=\"canonical\" href=\"https:\/\/www.lexusmadridsur.es\/info\/formulario-lexus-nx350h-seminuevo-select\/\" \/>\n<meta property=\"og:locale\" content=\"es_ES\" \/>\n<meta property=\"og:type\" content=\"article\" \/>\n<meta property=\"og:title\" content=\"Formulario Lexus NX350H Seminuevo Select - Lexus Madrid Sur News\" \/>\n<meta property=\"og:description\" content=\"Concesionarios Oficiales Lexus en Madrid SOLICITUD DE INFORMACI\u00d3N * Campos obligatorios CONCESIONARIOS OFICIALES LEXUS EN MADRID Legan\u00e9s Avenida Carlos Sainz, 31 28914 Madrid Venta: 916 895 101 Taller y Recambios: 916 895 101 Ventas VO: 916 895 101 Carrocer\u00eda: 916 895 101 Alcal\u00e1 de Henares Ctra. A-2, Km.35 (Salida 32. V\u00eda de Servicio, direcci\u00f3n Centro [&hellip;]\" \/>\n<meta property=\"og:url\" content=\"https:\/\/www.lexusmadridsur.es\/info\/formulario-lexus-nx350h-seminuevo-select\/\" \/>\n<meta property=\"og:site_name\" content=\"Lexus Madrid Sur News\" \/>\n<meta property=\"article:modified_time\" content=\"2026-04-13T20:18:50+00:00\" \/>\n<meta property=\"og:image\" content=\"https:\/\/www.lexusmadridsur.es\/WP_LEXUS\/wp-content\/uploads\/2025\/07\/lexusmadridsur-logo.png\" \/>\n\t<meta property=\"og:image:width\" content=\"1081\" \/>\n\t<meta property=\"og:image:height\" content=\"527\" \/>\n\t<meta property=\"og:image:type\" content=\"image\/png\" \/>\n<meta name=\"twitter:card\" content=\"summary_large_image\" \/>\n<meta name=\"twitter:label1\" content=\"Tiempo de lectura\" \/>\n\t<meta name=\"twitter:data1\" content=\"2 minutos\" \/>\n<script type=\"application\/ld+json\" class=\"yoast-schema-graph\">{\"@context\":\"https:\/\/schema.org\",\"@graph\":[{\"@type\":\"WebPage\",\"@id\":\"https:\/\/www.lexusmadridsur.es\/info\/formulario-lexus-nx350h-seminuevo-select\/\",\"url\":\"https:\/\/www.lexusmadridsur.es\/info\/formulario-lexus-nx350h-seminuevo-select\/\",\"name\":\"Formulario Lexus NX350H Seminuevo Select - Lexus Madrid Sur News\",\"isPartOf\":{\"@id\":\"https:\/\/www.lexusmadridsur.es\/info\/#website\"},\"primaryImageOfPage\":{\"@id\":\"https:\/\/www.lexusmadridsur.es\/info\/formulario-lexus-nx350h-seminuevo-select\/#primaryimage\"},\"image\":{\"@id\":\"https:\/\/www.lexusmadridsur.es\/info\/formulario-lexus-nx350h-seminuevo-select\/#primaryimage\"},\"thumbnailUrl\":\"https:\/\/www.lexusmadridsur.es\/WP_LEXUS\/wp-content\/uploads\/2025\/07\/lexusmadridsur-logo.png\",\"datePublished\":\"2026-02-26T09:25:24+00:00\",\"dateModified\":\"2026-04-13T20:18:50+00:00\",\"breadcrumb\":{\"@id\":\"https:\/\/www.lexusmadridsur.es\/info\/formulario-lexus-nx350h-seminuevo-select\/#breadcrumb\"},\"inLanguage\":\"es\",\"potentialAction\":[{\"@type\":\"ReadAction\",\"target\":[\"https:\/\/www.lexusmadridsur.es\/info\/formulario-lexus-nx350h-seminuevo-select\/\"]}]},{\"@type\":\"ImageObject\",\"inLanguage\":\"es\",\"@id\":\"https:\/\/www.lexusmadridsur.es\/info\/formulario-lexus-nx350h-seminuevo-select\/#primaryimage\",\"url\":\"https:\/\/www.lexusmadridsur.es\/WP_LEXUS\/wp-content\/uploads\/2025\/07\/lexusmadridsur-logo.png\",\"contentUrl\":\"https:\/\/www.lexusmadridsur.es\/WP_LEXUS\/wp-content\/uploads\/2025\/07\/lexusmadridsur-logo.png\"},{\"@type\":\"BreadcrumbList\",\"@id\":\"https:\/\/www.lexusmadridsur.es\/info\/formulario-lexus-nx350h-seminuevo-select\/#breadcrumb\",\"itemListElement\":[{\"@type\":\"ListItem\",\"position\":1,\"name\":\"Portada\",\"item\":\"https:\/\/www.lexusmadridsur.es\/info\/\"},{\"@type\":\"ListItem\",\"position\":2,\"name\":\"Formulario Lexus NX350H Seminuevo Select\"}]},{\"@type\":\"WebSite\",\"@id\":\"https:\/\/www.lexusmadridsur.es\/info\/#website\",\"url\":\"https:\/\/www.lexusmadridsur.es\/info\/\",\"name\":\"Lexus Madrid Sur News\",\"description\":\"Concesinario Oficial Lexus Madrid Sur\",\"potentialAction\":[{\"@type\":\"SearchAction\",\"target\":{\"@type\":\"EntryPoint\",\"urlTemplate\":\"https:\/\/www.lexusmadridsur.es\/info\/?s={search_term_string}\"},\"query-input\":{\"@type\":\"PropertyValueSpecification\",\"valueRequired\":true,\"valueName\":\"search_term_string\"}}],\"inLanguage\":\"es\"}]}<\/script>\n<!-- \/ Yoast SEO plugin. -->","yoast_head_json":{"title":"Formulario Lexus NX350H Seminuevo Select - Lexus Madrid Sur News","robots":{"index":"index","follow":"follow","max-snippet":"max-snippet:-1","max-image-preview":"max-image-preview:large","max-video-preview":"max-video-preview:-1"},"canonical":"https:\/\/www.lexusmadridsur.es\/info\/formulario-lexus-nx350h-seminuevo-select\/","og_locale":"es_ES","og_type":"article","og_title":"Formulario Lexus NX350H Seminuevo Select - Lexus Madrid Sur News","og_description":"Concesionarios Oficiales Lexus en Madrid SOLICITUD DE INFORMACI\u00d3N * Campos obligatorios CONCESIONARIOS OFICIALES LEXUS EN MADRID Legan\u00e9s Avenida Carlos Sainz, 31 28914 Madrid Venta: 916 895 101 Taller y Recambios: 916 895 101 Ventas VO: 916 895 101 Carrocer\u00eda: 916 895 101 Alcal\u00e1 de Henares Ctra. A-2, Km.35 (Salida 32. V\u00eda de Servicio, direcci\u00f3n Centro [&hellip;]","og_url":"https:\/\/www.lexusmadridsur.es\/info\/formulario-lexus-nx350h-seminuevo-select\/","og_site_name":"Lexus Madrid Sur News","article_modified_time":"2026-04-13T20:18:50+00:00","og_image":[{"width":1081,"height":527,"url":"https:\/\/www.lexusmadridsur.es\/WP_LEXUS\/wp-content\/uploads\/2025\/07\/lexusmadridsur-logo.png","type":"image\/png"}],"twitter_card":"summary_large_image","twitter_misc":{"Tiempo de lectura":"2 minutos"},"schema":{"@context":"https:\/\/schema.org","@graph":[{"@type":"WebPage","@id":"https:\/\/www.lexusmadridsur.es\/info\/formulario-lexus-nx350h-seminuevo-select\/","url":"https:\/\/www.lexusmadridsur.es\/info\/formulario-lexus-nx350h-seminuevo-select\/","name":"Formulario Lexus NX350H Seminuevo Select - Lexus Madrid Sur News","isPartOf":{"@id":"https:\/\/www.lexusmadridsur.es\/info\/#website"},"primaryImageOfPage":{"@id":"https:\/\/www.lexusmadridsur.es\/info\/formulario-lexus-nx350h-seminuevo-select\/#primaryimage"},"image":{"@id":"https:\/\/www.lexusmadridsur.es\/info\/formulario-lexus-nx350h-seminuevo-select\/#primaryimage"},"thumbnailUrl":"https:\/\/www.lexusmadridsur.es\/WP_LEXUS\/wp-content\/uploads\/2025\/07\/lexusmadridsur-logo.png","datePublished":"2026-02-26T09:25:24+00:00","dateModified":"2026-04-13T20:18:50+00:00","breadcrumb":{"@id":"https:\/\/www.lexusmadridsur.es\/info\/formulario-lexus-nx350h-seminuevo-select\/#breadcrumb"},"inLanguage":"es","potentialAction":[{"@type":"ReadAction","target":["https:\/\/www.lexusmadridsur.es\/info\/formulario-lexus-nx350h-seminuevo-select\/"]}]},{"@type":"ImageObject","inLanguage":"es","@id":"https:\/\/www.lexusmadridsur.es\/info\/formulario-lexus-nx350h-seminuevo-select\/#primaryimage","url":"https:\/\/www.lexusmadridsur.es\/WP_LEXUS\/wp-content\/uploads\/2025\/07\/lexusmadridsur-logo.png","contentUrl":"https:\/\/www.lexusmadridsur.es\/WP_LEXUS\/wp-content\/uploads\/2025\/07\/lexusmadridsur-logo.png"},{"@type":"BreadcrumbList","@id":"https:\/\/www.lexusmadridsur.es\/info\/formulario-lexus-nx350h-seminuevo-select\/#breadcrumb","itemListElement":[{"@type":"ListItem","position":1,"name":"Portada","item":"https:\/\/www.lexusmadridsur.es\/info\/"},{"@type":"ListItem","position":2,"name":"Formulario Lexus NX350H Seminuevo Select"}]},{"@type":"WebSite","@id":"https:\/\/www.lexusmadridsur.es\/info\/#website","url":"https:\/\/www.lexusmadridsur.es\/info\/","name":"Lexus Madrid Sur News","description":"Concesinario Oficial Lexus Madrid Sur","potentialAction":[{"@type":"SearchAction","target":{"@type":"EntryPoint","urlTemplate":"https:\/\/www.lexusmadridsur.es\/info\/?s={search_term_string}"},"query-input":{"@type":"PropertyValueSpecification","valueRequired":true,"valueName":"search_term_string"}}],"inLanguage":"es"}]}},"_links":{"self":[{"href":"https:\/\/www.lexusmadridsur.es\/info\/wp-json\/wp\/v2\/pages\/1497","targetHints":{"allow":["GET"]}}],"collection":[{"href":"https:\/\/www.lexusmadridsur.es\/info\/wp-json\/wp\/v2\/pages"}],"about":[{"href":"https:\/\/www.lexusmadridsur.es\/info\/wp-json\/wp\/v2\/types\/page"}],"author":[{"embeddable":true,"href":"https:\/\/www.lexusmadridsur.es\/info\/wp-json\/wp\/v2\/users\/1"}],"replies":[{"embeddable":true,"href":"https:\/\/www.lexusmadridsur.es\/info\/wp-json\/wp\/v2\/comments?post=1497"}],"version-history":[{"count":15,"href":"https:\/\/www.lexusmadridsur.es\/info\/wp-json\/wp\/v2\/pages\/1497\/revisions"}],"predecessor-version":[{"id":1530,"href":"https:\/\/www.lexusmadridsur.es\/info\/wp-json\/wp\/v2\/pages\/1497\/revisions\/1530"}],"wp:attachment":[{"href":"https:\/\/www.lexusmadridsur.es\/info\/wp-json\/wp\/v2\/media?parent=1497"}],"curies":[{"name":"wp","href":"https:\/\/api.w.org\/{rel}","templated":true}]}}